{"id":496,"date":"2015-09-25T12:57:02","date_gmt":"2015-09-25T08:57:02","guid":{"rendered":"https:\/\/400sunnyislescondofl.com\/es\/?page_id=496"},"modified":"2017-03-10T22:17:03","modified_gmt":"2017-03-10T18:17:03","slug":"list-your-property","status":"publish","type":"page","link":"https:\/\/400sunnyislescondofl.com\/es\/list-your-property\/","title":{"rendered":"List your property"},"content":{"rendered":"<div class=\"fusion-fullwidth fullwidth-box fusion-builder-row-1 nonhundred-percent-fullwidth non-hundred-percent-height-scrolling\" style=\"background-color: rgba(255,255,255,0);background-position: left top;background-repeat: no-repeat;padding-top:70px;padding-right:0px;padding-bottom:20px;padding-left:0px;margin-bottom: 0px;margin-top: 0px;border-width: 0px 0px 0px 0px;border-color:#eae9e9;border-style:solid;\" ><div class=\"fusion-builder-row fusion-row\"><div class=\"fusion-layout-column fusion_builder_column fusion-builder-column-0 fusion_builder_column_1_2 1_2 fusion-one-half fusion-column-first\" style=\"width:48%; margin-right: 4%;margin-top:0px;margin-bottom:20px;\"><div class=\"fusion-column-wrapper fusion-flex-column-wrapper-legacy\" style=\"background-position:left top;background-repeat:no-repeat;-webkit-background-size:cover;-moz-background-size:cover;-o-background-size:cover;background-size:cover;padding: 0px 0px 0px 0px;\"><style type=\"text\/css\"><\/style><div class=\"fusion-title title fusion-title-1 sep-underline sep-dashed fusion-title-text fusion-title-size-one\" style=\"border-bottom-color:#f28b04;margin-top:0px;margin-right:0px;margin-bottom:31px;margin-left:0px;\"><h1 class=\"title-heading-left\" style=\"margin:0;\">Incluya su propiedad en 400 Sunny Isles<\/h1><\/div><div class=\"fusion-text fusion-text-1\"><p>Enviar un correo electr\u00f3nico.<br \/>\nTodos los campos con * son obligatorios.<\/p>\n<blockquote>\n<p>Antes de poner su casa en el mercado y el establecimiento de un precio que es importante primero tener una estimaci\u00f3n del valor de su casa. Esto se puede lograr f\u00e1cilmente por tener un agente de bienes ra\u00edces con experiencia le proporcionar\u00e1 un an\u00e1lisis comparativo de mercado GRATIS (CMA).<\/p>\n<\/blockquote>\n<\/div><span class=\" fusion-imageframe imageframe-none imageframe-1 hover-type-zoomin\"><img width=\"600\" height=\"400\" alt=\"List your property in Duo Hallandale\" title=\"list_your_property\" src=\"https:\/\/400sunnyislescondofl.com\/wp-content\/uploads\/2015\/09\/list_your_property.jpg\" class=\"img-responsive wp-image-486\"\/><\/span><div class=\"fusion-clearfix\"><\/div><\/div><\/div><div class=\"fusion-layout-column fusion_builder_column fusion-builder-column-1 fusion_builder_column_1_2 1_2 fusion-one-half fusion-column-last\" style=\"width:48%;margin-top:20px;margin-bottom:20px;\"><div class=\"fusion-column-wrapper fusion-flex-column-wrapper-legacy\" style=\"background-position:left top;background-repeat:no-repeat;-webkit-background-size:cover;-moz-background-size:cover;-o-background-size:cover;background-size:cover;padding: 0px 0px 0px 0px;\"><div role=\"form\" class=\"wpcf7\" id=\"wpcf7-f488-o1\" lang=\"en-US\" dir=\"ltr\">\n<div class=\"screen-reader-response\"><p role=\"status\" aria-live=\"polite\" aria-atomic=\"true\"><\/p> <ul><\/ul><\/div>\n<form action=\"\/es\/wp-json\/wp\/v2\/pages\/496\/#wpcf7-f488-o1\" method=\"post\" class=\"wpcf7-form init\" novalidate=\"novalidate\" data-status=\"init\">\n<div style=\"display: none;\">\n<input type=\"hidden\" name=\"_wpcf7\" value=\"488\" \/>\n<input type=\"hidden\" name=\"_wpcf7_version\" value=\"5.6\" \/>\n<input type=\"hidden\" name=\"_wpcf7_locale\" value=\"en_US\" \/>\n<input type=\"hidden\" name=\"_wpcf7_unit_tag\" value=\"wpcf7-f488-o1\" \/>\n<input type=\"hidden\" name=\"_wpcf7_container_post\" value=\"0\" \/>\n<input type=\"hidden\" name=\"_wpcf7_posted_data_hash\" value=\"\" \/>\n<\/div>\n<p>Your Name (required)<br \/>\n    <span class=\"wpcf7-form-control-wrap\" data-name=\"your-name\"><input type=\"text\" name=\"your-name\" value=\"\" size=\"40\" class=\"wpcf7-form-control wpcf7-text wpcf7-validates-as-required\" aria-required=\"true\" aria-invalid=\"false\" \/><\/span> <\/p>\n<p>Your phone (required)<br \/>\n    <span class=\"wpcf7-form-control-wrap\" data-name=\"phone-number\"><input type=\"tel\" name=\"phone-number\" value=\"\" size=\"40\" class=\"wpcf7-form-control wpcf7-text wpcf7-tel wpcf7-validates-as-required wpcf7-validates-as-tel\" aria-required=\"true\" aria-invalid=\"false\" \/><\/span> <\/p>\n<p>Property address (required)<br \/>\n    <span class=\"wpcf7-form-control-wrap\" data-name=\"property-address\"><input type=\"text\" name=\"property-address\" value=\"\" size=\"40\" class=\"wpcf7-form-control wpcf7-text wpcf7-validates-as-required\" aria-required=\"true\" aria-invalid=\"false\" \/><\/span> <\/p>\n<p>Your Email<br \/>\n    <span class=\"wpcf7-form-control-wrap\" data-name=\"your-email\"><input type=\"email\" name=\"your-email\" value=\"\" size=\"40\" class=\"wpcf7-form-control wpcf7-text wpcf7-email wpcf7-validates-as-email\" aria-invalid=\"false\" \/><\/span> <\/p>\n<p>When do you plan to sell or rent ? (required)<br \/>\n<span class=\"wpcf7-form-control-wrap\" data-name=\"menu-time\"><select name=\"menu-time\" class=\"wpcf7-form-control wpcf7-select wpcf7-validates-as-required\" aria-required=\"true\" aria-invalid=\"false\"><option value=\"Immediately\">Immediately<\/option><option value=\"1 month\">1 month<\/option><option value=\"3 months\">3 months<\/option><option value=\"6 months\">6 months<\/option><option value=\"9 months\">9 months<\/option><option value=\"1 year\">1 year<\/option><option value=\"1 year+\">1 year+<\/option><\/select><\/span> <\/p>\n<p>Your Message<br \/>\n    <span class=\"wpcf7-form-control-wrap\" data-name=\"your-message\"><textarea name=\"your-message\" cols=\"40\" rows=\"10\" class=\"wpcf7-form-control wpcf7-textarea\" aria-invalid=\"false\"><\/textarea><\/span> <\/p>\n<p><input type=\"submit\" value=\"Send\" class=\"wpcf7-form-control has-spinner wpcf7-submit\" \/><\/p>\n<div class=\"wpcf7-response-output\" aria-hidden=\"true\"><\/div><\/form><\/div><div class=\"fusion-clearfix\"><\/div><\/div><\/div><\/div><\/div>\n","protected":false},"excerpt":{"rendered":"","protected":false},"author":1,"featured_media":0,"parent":0,"menu_order":0,"comment_status":"closed","ping_status":"closed","template":"","meta":[],"_links":{"self":[{"href":"https:\/\/400sunnyislescondofl.com\/es\/wp-json\/wp\/v2\/pages\/496\/"}],"collection":[{"href":"https:\/\/400sunnyislescondofl.com\/es\/wp-json\/wp\/v2\/pages\/"}],"about":[{"href":"https:\/\/400sunnyislescondofl.com\/es\/wp-json\/wp\/v2\/types\/page\/"}],"author":[{"embeddable":true,"href":"https:\/\/400sunnyislescondofl.com\/es\/wp-json\/wp\/v2\/users\/1\/"}],"replies":[{"embeddable":true,"href":"https:\/\/400sunnyislescondofl.com\/es\/wp-json\/wp\/v2\/comments\/?post=496"}],"version-history":[{"count":0,"href":"https:\/\/400sunnyislescondofl.com\/es\/wp-json\/wp\/v2\/pages\/496\/revisions\/"}],"wp:attachment":[{"href":"https:\/\/400sunnyislescondofl.com\/es\/wp-json\/wp\/v2\/media\/?parent=496"}],"curies":[{"name":"wp","href":"https:\/\/api.w.org\/{rel}","templated":true}]}}